{"id":1396,"date":"2021-11-26T09:37:31","date_gmt":"2021-11-26T09:37:31","guid":{"rendered":"https:\/\/krypto-kids.ch\/kryptofox\/"},"modified":"2022-03-16T10:17:22","modified_gmt":"2022-03-16T10:17:22","slug":"kryptofox","status":"publish","type":"page","link":"https:\/\/www.krypto-kids.de\/fr\/kryptofox\/","title":{"rendered":"KryptoFox"},"content":{"rendered":"\n\n<div class=\"moduleBildText contentBlock\n\n\npt-9 pt-md-10 pt-lg-11 pb-9  pb-md-11 pb-lg-12  pt-7 pt-md-11 pb-7 pb-md-11 bg-green \n\" id=\"nickname\" data-appear-top-offset=\"300\"\n\n    \n>\n\n\n\n\n<div class=\"container\">\n\n    <div class=\"row align-items-center\">\n\n        <div class=\"col-12 col-sm-9 col-md-9 col-lg-8\">\n            <div class=\"pr-5\">\n                <h4>Prot\u00e9ger tes donn\u00e9es sans stress <\/h4>\n                <h3>KryptoFox<\/h3>\n                            <\/div>\n\n\n        <\/div>\n\n    <\/div>\n\n<\/div>\n<\/div>\n\n\n    <div class=\"container  mb-0 mt-0 \">\n        <div class=\"row\">\n            <div class=\"col-12\">\n                <div class=\"contentBlock borderBottom\"><\/div>\n            <\/div>\n        <\/div>\n    <\/div>\n\n\n\n\n\n<div class=\"moduleBildText contentBlock\n\n\n bg-white \n\" id=\"nickname\" data-appear-top-offset=\"300\"\n\n    \n>\n\n\n\n\n<div class=\"container\">\n\n    <div class=\"row align-items-center\">\n\n        <div class=\"col-12 col-sm-9 col-md-9 col-lg-8\">\n            <div class=\"pr-5\">\n                <h4><\/h4>\n                <h3>Pseudo s\u00fbr<\/h3>\n                <ol>\n<li>Pas d\u2019informations dans ton pseudo qui permettraient \u00e9ventuellement de te reconna\u00eetre personnellement (donc ni ton pr\u00e9nom, \u00e2ge, adresse ou autre)<\/li>\n<li>Utilise diff\u00e9rents pseudos pour diff\u00e9rentes plateformes, afin qu\u2019on ne te reconnaisse pas.<\/li>\n<li>Pas d\u2019id\u00e9e\u00a0? G\u00e9n\u00e9rateur s\u00fbr de mots de passe\u00a0: <a href=\"https:\/\/www.lastpass.com\/fr\/features\/username-generator\">https:\/\/www.lastpass.com\/fr\/features\/username-generator<\/a><\/li>\n<\/ol>\n            <\/div>\n\n\n        <\/div>\n\n    <\/div>\n\n<\/div>\n<\/div>\n\n\n    <div class=\"container  mb-0 mt-0 \">\n        <div class=\"row\">\n            <div class=\"col-12\">\n                <div class=\"contentBlock borderBottom\"><\/div>\n            <\/div>\n        <\/div>\n    <\/div>\n\n\n\n\n\n<div class=\"moduleBildText contentBlock\n\n\n bg-white \n\" id=\"block_61a0ae73409c6\" data-appear-top-offset=\"300\"\n\n    \n>\n\n\n\n\n<div class=\"container\">\n\n    <div class=\"row align-items-center\">\n\n        <div class=\"col-12 col-sm-9 col-md-9 col-lg-8\">\n            <div class=\"pr-5\">\n                <h4><\/h4>\n                <h3>Mots de passe s\u00fbrs<\/h3>\n                <h2>R\u00e8gles concernant les mots de passe<\/h2>\n<ul>\n<li>Minimum huit caract\u00e8res<\/li>\n<li>Majuscules et minuscules<\/li>\n<li>Au moins un chiffre<\/li>\n<li>Au moins un caract\u00e8re sp\u00e9cial (!?*&#8230;)<\/li>\n<li>Ne communique ton mot de passe \u00e0 personne<\/li>\n<\/ul>\n<p>IMPORTANT\u00a0: Utiliser chaque mot de passe une seule fois.<br \/>\nPour chaque site internet ou application, il faut donc un mot de passe diff\u00e9rent.<\/p>\n<p>Pour \u00e9viter de devoir se rappeler un mot de passe sp\u00e9cifique pour tout, il existe des alternatives.<\/p>\n            <\/div>\n\n\n        <\/div>\n\n    <\/div>\n\n<\/div>\n<\/div>\n\n\n\n\n\n<div class=\"moduleAccordion contentBlock\n\n\n bg-white \n\" id=\"passwortmanager\" data-appear-top-offset=\"300\"\n\n    \n>\n\n\n\n\n<div class=\"container\">\n\n    <div class=\"row\">\n\n        <div class=\"col-12 col-md-9 col-lg-8\">\n            <h4><\/h4>\n            <h3 class=\"mb-8\"><\/h3>\n\n                            <div class=\"accordionItem\" itemscope itemprop=\"mainEntity\" itemtype=\"https:\/\/schema.org\/Question\">\n                    <h2 itemprop=\"name\">Gestionnaire de mots de passe<\/h2>\n                    <div class=\"accordionContent\" itemscope itemprop=\"acceptedAnswer\" itemtype=\"https:\/\/schema.org\/Answer\">\n                        <div itemprop=\"text\">\n                            <p>Un gestionnaire de mots de passe est un coffre-fort pour tes mots de passe. Il rassemble tous tes mots de passe et prot\u00e8ge l&#8217;acc\u00e8s \u00e0 ceux-ci.<\/p>\n<p>Il existe de nombreux gestionnaires de mots de passe avec diff\u00e9rents avantages et d\u00e9savantages.<\/p>\n<p>KryptoFox recommande\u00a0:<\/p>\n<ul>\n<li>Meilleur rapport qualit\u00e9\/prix (gratuit)\u00a0: <a href=\"https:\/\/vault.bitwarden.com\/#\/register\">https:\/\/vault.bitwarden.com\/#\/register<\/a><\/li>\n<li>Entreprise suisse (version gratuite)\u00a0: <a href=\"https:\/\/www.securesafe.com\/fr\/clients-prives\/prix\">https:\/\/www.securesafe.com\/fr\/clients-prives\/prix<\/a><\/li>\n<li>\u00c9galement disponible en version gratuite\u00a0: <a href=\"https:\/\/www.lastpass.com\/fr\/products\/family-password-manager\">https:\/\/www.lastpass.com\/fr\/products\/family-password-manager<\/a><\/li>\n<li>De nombreux navigateurs internet disposent eux-m\u00eames d\u2019un gestionnaire de mots de passe int\u00e9gr\u00e9. Les navigateurs tels que Google Chrome, Microsoft Edge, Firefox, Safari, Brave disposent d\u2019une telle option. V\u00e9rifie si ton navigateur offre cette option.<\/li>\n<\/ul>\n                        <\/div>\n                    <\/div>\n                <\/div>\n                            <div class=\"accordionItem\" itemscope itemprop=\"mainEntity\" itemtype=\"https:\/\/schema.org\/Question\">\n                    <h2 itemprop=\"name\">G\u00e9n\u00e9rateur de mots de passe<\/h2>\n                    <div class=\"accordionContent\" itemscope itemprop=\"acceptedAnswer\" itemtype=\"https:\/\/schema.org\/Answer\">\n                        <div itemprop=\"text\">\n                            <p>Sur la base du site internet ou de l\u2019application que tu utilises, ton ordinateur ou ton t\u00e9l\u00e9phone portable calcule pour toi un mot de passe s\u00fbr. \u00c0 la diff\u00e9rence d\u2019un gestionnaire de mots de passe, un g\u00e9n\u00e9rateur de mots de passe n\u2019a pas besoin que tu synchronises tes appareils et il n&#8217;est pas n\u00e9cessaire que tu enregistres quoi que ce soit. <a href=\"https:\/\/lesspass.com\/\">https:\/\/lesspass.com\/<\/a> (gratuit)<\/p>\n                        <\/div>\n                    <\/div>\n                <\/div>\n                            <div class=\"accordionItem\" itemscope itemprop=\"mainEntity\" itemtype=\"https:\/\/schema.org\/Question\">\n                    <h2 itemprop=\"name\">Algorithme dans ta t\u00eate<\/h2>\n                    <div class=\"accordionContent\" itemscope itemprop=\"acceptedAnswer\" itemtype=\"https:\/\/schema.org\/Answer\">\n                        <div itemprop=\"text\">\n                            <p>Au lieu de t\u2019en remettre \u00e0 un gestionnaire ou \u00e0 un g\u00e9n\u00e9rateur num\u00e9rique, tu peux \u00e9laborer toi-m\u00eame un syst\u00e8me personnel te permettant de te rappeler d\u2019un mot de passe diff\u00e9rent pour chaque acc\u00e8s. Cela demande que tu utilises plus tes neurones. Mais en \u00e9change la s\u00e9curit\u00e9 est \u00e9lev\u00e9e, car (jusqu\u2019\u00e0 pr\u00e9sent) personne ne peut d\u00e9chiffrer ton cerveau.<\/p>\n<p>Cela fonctionne comme \u00e7a\u00a0: choisis un mot de passe de base que tu peux m\u00e9moriser. Ce mot de passe doit respecter les r\u00e8gles relatives au choix d\u2019un mot de passe. Si tu veux cr\u00e9er un mot de passe pour un site internet ou une application, il faut proc\u00e9der comme suit\u00a0:<\/p>\n<p>Regarde le nom du site ou de l\u2019application. D\u00e9finis ensuite la logique selon laquelle tu ins\u00e8reras certaines parties de ce nom \u00e0 diff\u00e9rents endroits dans ton mot de passe de base. Le mot de passe pour chaque site internet ou application suivra ensuite cette m\u00eame logique. Comme \u00e7a, pour chaque acc\u00e8s tu as un mot de passe diff\u00e9rent, que tu peux m\u00e9moriser facilement gr\u00e2ce \u00e0 la logique que tu as d\u00e9finie.<\/p>\n<p><strong>Un exemple\u00a0:<\/strong><\/p>\n<p>Ton mot de passe de base est\u00a0: 2@FoxesRcool!<\/p>\n<p>Logique\u00a0: Prends la deuxi\u00e8me et la troisi\u00e8me lettre du nom de l&#8217;application et ins\u00e8re-les en deuxi\u00e8me position dans ton mot de passe de base. Ins\u00e8re ensuite la premi\u00e8re lettre \u00e0 la fin du mot de passe de base (en majuscule).<\/p>\n<p>Application\u00a0: <strong>Ins<\/strong>tagram<\/p>\n<p>Mot de passe\u00a0:<br \/>\n2<strong>ns<\/strong>@FoxesRcool!<strong>I<\/strong><\/p>\n<p>Application\u00a0: <strong>Tik<\/strong>tok<br \/>\nMot de passe\u00a0: 2<strong>ik<\/strong>@FoxesRcool!<strong>T<\/strong><\/p>\n                        <\/div>\n                    <\/div>\n                <\/div>\n            \n        <\/div>\n    <\/div>\n\n<\/div>\n<\/div>\n\n\n\n\n\n<div class=\"moduleBildText contentBlock\n\n\n bg-white \n\" id=\"cloud\" data-appear-top-offset=\"300\"\n\n    \n>\n\n\n\n\n<div class=\"container\">\n\n    <div class=\"row align-items-center\">\n\n        <div class=\"col-12 col-sm-9 col-md-9 col-lg-8\">\n            <div class=\"pr-5\">\n                <h4><\/h4>\n                <h3>Stockage s\u00e9curis\u00e9 des donn\u00e9es<\/h3>\n                <p>Les pirates informatiques de tout type ne devraient pas avoir acc\u00e8s \u00e0 tes donn\u00e9es. Tu es la seule personne qui devrait y avoir acc\u00e8s. En m\u00eame temps, tu aimerais avoir acc\u00e8s \u00e0 tes donn\u00e9es en tout temps et depuis partout. Cela est possible avec un bon stockage sur un \u00ab\u00a0cloud\u00a0\u00bb (dans les nuages, dans une m\u00e9moire centrale en ligne). Ce qui est important, c\u2019est qui stocke les donn\u00e9es pour toi. KryptoFox recommande NextCloud comme cloud <em>open source<\/em> avec diff\u00e9rents fournisseurs, p. ex. :<\/p>\n<ul>\n<li>Ops-Cloud, 2GB gratuits\u00a0: <a href=\"https:\/\/shared03.opsone-cloud.ch\/index.php\/apps\/registration\/\">https:\/\/shared03.opsone-cloud.ch\/index.php\/apps\/registration\/<\/a><\/li>\n<li>Kdrive d\u2019Infomaniak 3GB gratuits\u00a0:\u00a0 <a href=\"https:\/\/www.infomaniak.com\/fr\">https:\/\/www.infomaniak.com\/fr<\/a><\/li>\n<li>Wolke 7, jusqu\u2019\u00e0 10 GB gratuits, prix \u00e9chelonn\u00e9s en fonction du budget \u00e0 disposition\u00a0:\u00a0<a href=\"https:\/\/wolke7.wtf\">https:\/\/wolke7.wtf<\/a><\/li>\n<\/ul>\n<p>Si tu utilises Dropbox, Google Drive ou d\u2019autres solutions cloud, KryptoFox te recommande l\u2019utilisation de Boxcryptor. Cet outil crypte tes donn\u00e9es sur ton appareil, avant m\u00eame que tu ne les mettes sur le cloud.<\/p>\n<p>La version de base de Boxcryptor est \u00e0 disposition gratuitement ici\u00a0: <a href=\"https:\/\/www.boxcryptor.com\/fr\/pricing\/\">https:\/\/www.boxcryptor.com\/fr\/pricing\/<\/a><\/p>\n            <\/div>\n\n\n        <\/div>\n\n    <\/div>\n\n<\/div>\n<\/div>\n\n\n    <div class=\"container  mb-0 mt-0 \">\n        <div class=\"row\">\n            <div class=\"col-12\">\n                <div class=\"contentBlock borderBottom\"><\/div>\n            <\/div>\n        <\/div>\n    <\/div>\n\n\n\n\n\n<div class=\"moduleBildText contentBlock\n\n\n bg-white \n\" id=\"surfen\" data-appear-top-offset=\"300\"\n\n    \n>\n\n\n\n\n<div class=\"container\">\n\n    <div class=\"row align-items-center\">\n\n        <div class=\"col-12 col-sm-9 col-md-9 col-lg-8\">\n            <div class=\"pr-5\">\n                <h4><\/h4>\n                <h3>Naviguer sur internet en toute s\u00e9curit\u00e9<\/h3>\n                <p>Avec ton navigateur, tu vas sur internet. Le navigateur standard sur Windows est \u00ab\u00a0Edge\u00a0\u00bb, sur Mac c\u2019est \u00ab\u00a0Safari\u00a0\u00bb. Les deux sont ok, mais pour plus de s\u00e9curit\u00e9 il y a de meilleures alternatives\u00a0:<\/p>\n<ul>\n<li>Souvent utilis\u00e9\u00a0: Firefox, <a href=\"https:\/\/www.mozilla.org\/fr\/firefox\/new\/\">https:\/\/www.mozilla.org\/fr\/firefox\/new\/<\/a><\/li>\n<li>Nouveau bloqueur de publicit\u00e9 particuli\u00e8rement s\u00fbr et inclusif\u00a0: Brave, <a href=\"https:\/\/brave.com\/fr\/\">https:\/\/brave.com\/fr\/<\/a><\/li>\n<\/ul>\n            <\/div>\n\n\n        <\/div>\n\n    <\/div>\n\n<\/div>\n<\/div>\n\n\n    <div class=\"container  mb-0 mt-0 \">\n        <div class=\"row\">\n            <div class=\"col-12\">\n                <div class=\"contentBlock borderBottom\"><\/div>\n            <\/div>\n        <\/div>\n    <\/div>\n\n\n\n\n\n<div class=\"moduleBildText contentBlock\n\n\n bg-white \n\" id=\"adblocker\" data-appear-top-offset=\"300\"\n\n    \n>\n\n\n\n\n<div class=\"container\">\n\n    <div class=\"row align-items-center\">\n\n        <div class=\"col-12 col-sm-9 col-md-9 col-lg-8\">\n            <div class=\"pr-5\">\n                <h4><\/h4>\n                <h3>Pas de publicit\u00e9 ind\u00e9si-rable<\/h3>\n                <p>La publicit\u00e9 c\u2019est \u00e9nervant. Voici comment tu t\u2019en d\u00e9barrasses et prot\u00e8ges en m\u00eame temps tes donn\u00e9es personnelles\u00a0:<\/p>\n<p>Bloqueur de publicit\u00e9 dans le navigateur sur l\u2019ordinateur (gratuit)\u00a0: Ublock Origin<\/p>\n<ul>\n<li><a href=\"https:\/\/addons.mozilla.org\/fr\/firefox\/addon\/ublock-origin\/\" target=\"_blank\" rel=\"noopener\">Firefox<\/a><\/li>\n<li><a href=\"https:\/\/chrome.google.com\/webstore\/detail\/ublock-origin\/cjpalhdlnbpafiamejdnhcphjbkeiagm?hl=en\" target=\"_blank\" rel=\"noopener\">Chrome<\/a><\/li>\n<\/ul>\n<p>Bloqueur de publicit\u00e9 sur le t\u00e9l\u00e9phone portable<\/p>\n<p><strong>Android\u00a0:<\/strong> <a href=\"https:\/\/addons.mozilla.org\/fr\/android\/addon\/ublock-origin\/\">https:\/\/addons.mozilla.org\/fr\/android\/addon\/ublock-origin\/<\/a><\/p>\n<p><strong>iPhone\/iPad\u00a0:<\/strong> Apple n\u2019autorise pas les bloqueurs de pubs. Avec le navigateur Brave, tu peux malgr\u00e9 tout d\u00e9sactiver la publicit\u00e9\u00a0: <a href=\"https:\/\/apps.apple.com\/us\/app\/brave-private-browser-web-vpn\/id1052879175\">https:\/\/apps.apple.com\/us\/app\/brave-private-browser-web-vpn\/<\/a><\/p>\n            <\/div>\n\n\n        <\/div>\n\n    <\/div>\n\n<\/div>\n<\/div>\n\n\n    <div class=\"container  mb-0 mt-0 \">\n        <div class=\"row\">\n            <div class=\"col-12\">\n                <div class=\"contentBlock borderBottom\"><\/div>\n            <\/div>\n        <\/div>\n    <\/div>\n\n\n\n\n\n<div class=\"moduleBildText contentBlock\n\n\n bg-white \n\" id=\"socialmedia\" data-appear-top-offset=\"300\"\n\n    \n>\n\n\n\n\n<div class=\"container\">\n\n    <div class=\"row align-items-center\">\n\n        <div class=\"col-12 col-sm-9 col-md-9 col-lg-8\">\n            <div class=\"pr-5\">\n                <h4><\/h4>\n                <h3>M\u00e9dias sociaux, plate-formes en ligne<\/h3>\n                <p>Instagram, TikTok, Snapchat, YouTube, etc. \u2013 d\u00e8s que tu utilises des plateformes de fournisseurs commerciaux, ceux-ci collectent tes donn\u00e9es. Plus tu indiques d\u2019informations, plus ton profil devient clair pour cette entreprise. Tes donn\u00e9es personnelles peuvent \u00eatre utilis\u00e9es \u00e0 des fins publicitaires ou autres.<\/p>\n<ul>\n<li>Lorsque tu utilises Instagram, TikTok, Snapchat, YouTube, etc., n\u2019indique que les donn\u00e9es personnelles strictement n\u00e9cessaires. Invente un pseudo avec lequel tu n\u2019es pas identifiable. Ne partage pas d\u2019informations sensibles.<\/li>\n<li>Utilise l\u2019application Jumbo pour prot\u00e9ger tes donn\u00e9es et tes appareils\u00a0: <a href=\"https:\/\/www.withjumbo.com\/\">https:\/\/www.withjumbo.com\/<\/a><\/li>\n<li>Utilise des alternatives <em>open source <\/em>et des r\u00e9seaux \u00e0 but non lucratif, m\u00eame si tu dois peut-\u00eatre d&#8217;abord convaincre tes ami\u2219e\u2219s de les utiliser \u00e9galement\u00a0:\n<ul>\n<li>Messagerie\u00a0: p. ex. Signal <a href=\"https:\/\/signal.org\/fr\/\">https:\/\/signal.org\/fr\/<\/a><\/li>\n<li>M\u00e9dias sociaux\u00a0: p. ex. <a href=\"https:\/\/www.minds.com\/\">https:\/\/www.minds.com\/<\/a>. Utilise un r\u00e9seau num\u00e9rique local d\u2019une organisation locale digne de confiance. Il en existe de plus en plus. Par exemple de ton \u00e9cole, d\u2019un centre de jeunesse, d\u2019une commune, d\u2019une maison de quartier, etc.<\/li>\n<\/ul>\n<\/li>\n<\/ul>\n            <\/div>\n\n\n        <\/div>\n\n    <\/div>\n\n<\/div>\n<\/div>\n\n\n    <div class=\"container  mb-0 mt-0 \">\n        <div class=\"row\">\n            <div class=\"col-12\">\n                <div class=\"contentBlock borderBottom\"><\/div>\n            <\/div>\n        <\/div>\n    <\/div>\n\n\n\n\n\n<div class=\"moduleBildText contentBlock\n\n\n bg-white \n\" id=\"videocall\" data-appear-top-offset=\"300\"\n\n    \n>\n\n\n\n\n<div class=\"container\">\n\n    <div class=\"row align-items-center\">\n\n        <div class=\"col-12 col-sm-9 col-md-9 col-lg-8\">\n            <div class=\"pr-5\">\n                <h4><\/h4>\n                <h3>Appels vid\u00e9o<\/h3>\n                <p>Les outils gratuits commerciaux se financent avec tes donn\u00e9es. Il existe des alternatives\u00a0:<\/p>\n<ul>\n<li>Jitsi Meet\u00a0: p. ex. <a href=\"https:\/\/meet.jit.si\/\">https:\/\/meet.jit.si\/<\/a><\/li>\n<li>BigBlueButton\u00a0: p. ex.\u00a0: <a href=\"https:\/\/bigbluebutton.org\/\">https:\/\/bigbluebutton.org\/<\/a><\/li>\n<li>kMeet\u00a0: <a href=\"https:\/\/www.infomaniak.com\/fr\/kmeet\">https:\/\/www.infomaniak.com\/fr\/kmeet<\/a><\/li>\n<\/ul>\n<p>Malheureusement, elles fonctionnent souvent un peu moins bien que les outils commerciaux d&#8217;appels vid\u00e9o comme Google Meet, Zoom, Microsoft Teams ou les syst\u00e8mes de messagerie comme WhatsApp ou iMessage. Mais plus les offres alternatives sont utilis\u00e9es, plus les d\u00e9veloppeurs et d\u00e9veloppeuses\/informaticiens et informaticiennes peuvent les am\u00e9liorer.<\/p>\n<p><strong>Recommandation\u00a0: Appels vid\u00e9o de Signal <a href=\"https:\/\/signal.org\/fr\/\">https:\/\/signal.org\/fr\/<\/a><\/strong><\/p>\n            <\/div>\n\n\n        <\/div>\n\n    <\/div>\n\n<\/div>\n<\/div>\n\n\n    <div class=\"container  mb-0 mt-0 \">\n        <div class=\"row\">\n            <div class=\"col-12\">\n                <div class=\"contentBlock borderBottom\"><\/div>\n            <\/div>\n        <\/div>\n    <\/div>\n\n\n\n\n\n<div class=\"moduleBildText contentBlock\n\n\n bg-white \n\" id=\"phishing\" data-appear-top-offset=\"300\"\n\n    \n>\n\n\n\n\n<div class=\"container\">\n\n    <div class=\"row align-items-center\">\n\n        <div class=\"col-12 col-sm-9 col-md-9 col-lg-8\">\n            <div class=\"pr-5\">\n                <h4><\/h4>\n                <h3>Phishing erkennen<\/h3>\n                <p>\u00ab\u00a0Phishing\u00a0\u00bb est un mot d\u00e9riv\u00e9 du terme anglais \u00ab\u00a0fishing\u00a0\u00bb et d\u00e9signe le fait de p\u00eacher des donn\u00e9es personnelles sur le net. L\u2019exp\u00e9diteur essaie de te tromper.<\/p>\n<p>Si tu as un doute : NE CLIQUE SUR AUCUN LIEN, NE T\u00c9L\u00c9CHARGE RIEN ET NE PARTAGE PAS DE DONN\u00c9ES PERSONNELLES avec l&#8217;exp\u00e9diteur du mail. S\u2019il s&#8217;agit d\u2019une \u00ab attaque de phishing \u00bb, met l\u2019exp\u00e9diteur sur la liste de courrier ind\u00e9sirable et efface le mail.<\/p>\n<p>Lorsque tu as cat\u00e9goris\u00e9 un mail comme trompeur, annonce-le \u00e0 ton fournisseur de messagerie \u00e9lectronique ou transmets le mail trompeur au service anti-phishing de la Conf\u00e9d\u00e9ration\u00a0: <a href=\"https:\/\/www.antiphishing.ch\/fr\/\">https:\/\/www.antiphishing.ch\/fr\/<\/a><\/p>\n            <\/div>\n\n\n        <\/div>\n\n    <\/div>\n\n<\/div>\n<\/div>\n\n\n    <div class=\"container  mb-0 mt-0 \">\n        <div class=\"row\">\n            <div class=\"col-12\">\n                <div class=\"contentBlock borderBottom\"><\/div>\n            <\/div>\n        <\/div>\n    <\/div>\n\n\n\n\n<p><\/p>\n","protected":false},"excerpt":{"rendered":"","protected":false},"author":5,"featured_media":0,"parent":0,"menu_order":0,"comment_status":"closed","ping_status":"closed","template":"","meta":{"_acf_changed":false,"footnotes":""},"class_list":["post-1396","page","type-page","status-publish","hentry"],"acf":[],"yoast_head":"<!-- This site is optimized with the Yoast SEO plugin v27.0 - https:\/\/yoast.com\/product\/yoast-seo-wordpress\/ -->\n<title>KryptoFox - Krypto Kids<\/title>\n<meta name=\"robots\" content=\"index, follow, max-snippet:-1, max-image-preview:large, max-video-preview:-1\" \/>\n<link rel=\"canonical\" href=\"https:\/\/krypto-kids.de\/fr\/kryptofox\/\" \/>\n<meta property=\"og:locale\" content=\"fr_FR\" \/>\n<meta property=\"og:type\" content=\"article\" \/>\n<meta property=\"og:title\" content=\"KryptoFox - Krypto Kids\" \/>\n<meta property=\"og:url\" content=\"https:\/\/krypto-kids.de\/fr\/kryptofox\/\" \/>\n<meta property=\"og:site_name\" content=\"Krypto Kids\" \/>\n<meta property=\"article:modified_time\" content=\"2022-03-16T10:17:22+00:00\" \/>\n<meta name=\"twitter:card\" content=\"summary_large_image\" \/>\n<script type=\"application\/ld+json\" class=\"yoast-schema-graph\">{\"@context\":\"https:\/\/schema.org\",\"@graph\":[{\"@type\":\"WebPage\",\"@id\":\"https:\/\/krypto-kids.de\/fr\/kryptofox\/\",\"url\":\"https:\/\/krypto-kids.de\/fr\/kryptofox\/\",\"name\":\"KryptoFox - Krypto Kids\",\"isPartOf\":{\"@id\":\"https:\/\/www.krypto-kids.de\/#website\"},\"datePublished\":\"2021-11-26T09:37:31+00:00\",\"dateModified\":\"2022-03-16T10:17:22+00:00\",\"breadcrumb\":{\"@id\":\"https:\/\/krypto-kids.de\/fr\/kryptofox\/#breadcrumb\"},\"inLanguage\":\"fr-FR\",\"potentialAction\":[{\"@type\":\"ReadAction\",\"target\":[\"https:\/\/krypto-kids.de\/fr\/kryptofox\/\"]}]},{\"@type\":\"BreadcrumbList\",\"@id\":\"https:\/\/krypto-kids.de\/fr\/kryptofox\/#breadcrumb\",\"itemListElement\":[{\"@type\":\"ListItem\",\"position\":1,\"name\":\"Startseite\",\"item\":\"https:\/\/www.krypto-kids.de\/\"},{\"@type\":\"ListItem\",\"position\":2,\"name\":\"KryptoFox\"}]},{\"@type\":\"WebSite\",\"@id\":\"https:\/\/www.krypto-kids.de\/#website\",\"url\":\"https:\/\/www.krypto-kids.de\/\",\"name\":\"Krypto Kids\",\"description\":\"Abenteuerspiele f\u00fcr den p\u00e4dagogischen Kontext zu den Themen Datensicherheit und Demokratiebildung\",\"potentialAction\":[{\"@type\":\"SearchAction\",\"target\":{\"@type\":\"EntryPoint\",\"urlTemplate\":\"https:\/\/www.krypto-kids.de\/?s={search_term_string}\"},\"query-input\":{\"@type\":\"PropertyValueSpecification\",\"valueRequired\":true,\"valueName\":\"search_term_string\"}}],\"inLanguage\":\"fr-FR\"}]}<\/script>\n<!-- \/ Yoast SEO plugin. -->","yoast_head_json":{"title":"KryptoFox - Krypto Kids","robots":{"index":"index","follow":"follow","max-snippet":"max-snippet:-1","max-image-preview":"max-image-preview:large","max-video-preview":"max-video-preview:-1"},"canonical":"https:\/\/krypto-kids.de\/fr\/kryptofox\/","og_locale":"fr_FR","og_type":"article","og_title":"KryptoFox - Krypto Kids","og_url":"https:\/\/krypto-kids.de\/fr\/kryptofox\/","og_site_name":"Krypto Kids","article_modified_time":"2022-03-16T10:17:22+00:00","twitter_card":"summary_large_image","schema":{"@context":"https:\/\/schema.org","@graph":[{"@type":"WebPage","@id":"https:\/\/krypto-kids.de\/fr\/kryptofox\/","url":"https:\/\/krypto-kids.de\/fr\/kryptofox\/","name":"KryptoFox - Krypto Kids","isPartOf":{"@id":"https:\/\/www.krypto-kids.de\/#website"},"datePublished":"2021-11-26T09:37:31+00:00","dateModified":"2022-03-16T10:17:22+00:00","breadcrumb":{"@id":"https:\/\/krypto-kids.de\/fr\/kryptofox\/#breadcrumb"},"inLanguage":"fr-FR","potentialAction":[{"@type":"ReadAction","target":["https:\/\/krypto-kids.de\/fr\/kryptofox\/"]}]},{"@type":"BreadcrumbList","@id":"https:\/\/krypto-kids.de\/fr\/kryptofox\/#breadcrumb","itemListElement":[{"@type":"ListItem","position":1,"name":"Startseite","item":"https:\/\/www.krypto-kids.de\/"},{"@type":"ListItem","position":2,"name":"KryptoFox"}]},{"@type":"WebSite","@id":"https:\/\/www.krypto-kids.de\/#website","url":"https:\/\/www.krypto-kids.de\/","name":"Krypto Kids","description":"Abenteuerspiele f\u00fcr den p\u00e4dagogischen Kontext zu den Themen Datensicherheit und Demokratiebildung","potentialAction":[{"@type":"SearchAction","target":{"@type":"EntryPoint","urlTemplate":"https:\/\/www.krypto-kids.de\/?s={search_term_string}"},"query-input":{"@type":"PropertyValueSpecification","valueRequired":true,"valueName":"search_term_string"}}],"inLanguage":"fr-FR"}]}},"_links":{"self":[{"href":"https:\/\/www.krypto-kids.de\/fr\/wp-json\/wp\/v2\/pages\/1396","targetHints":{"allow":["GET"]}}],"collection":[{"href":"https:\/\/www.krypto-kids.de\/fr\/wp-json\/wp\/v2\/pages"}],"about":[{"href":"https:\/\/www.krypto-kids.de\/fr\/wp-json\/wp\/v2\/types\/page"}],"author":[{"embeddable":true,"href":"https:\/\/www.krypto-kids.de\/fr\/wp-json\/wp\/v2\/users\/5"}],"replies":[{"embeddable":true,"href":"https:\/\/www.krypto-kids.de\/fr\/wp-json\/wp\/v2\/comments?post=1396"}],"version-history":[{"count":0,"href":"https:\/\/www.krypto-kids.de\/fr\/wp-json\/wp\/v2\/pages\/1396\/revisions"}],"wp:attachment":[{"href":"https:\/\/www.krypto-kids.de\/fr\/wp-json\/wp\/v2\/media?parent=1396"}],"curies":[{"name":"wp","href":"https:\/\/api.w.org\/{rel}","templated":true}]}}